{"id":16,"date":"2020-11-26T02:24:37","date_gmt":"2020-11-26T01:24:37","guid":{"rendered":"https:\/\/avlink.live\/?page_id=16"},"modified":"2023-05-16T20:18:11","modified_gmt":"2023-05-16T18:18:11","slug":"environnement","status":"publish","type":"page","link":"https:\/\/avlink.live\/?page_id=16","title":{"rendered":"environnement"},"content":{"rendered":"\t\t<div data-elementor-type=\"wp-page\" data-elementor-id=\"16\" class=\"elementor elementor-16\">\n\t\t\t\t\t\t\t\t\t<section class=\"elementor-section elementor-top-section elementor-element elementor-element-517e2d7 elementor-section-full_width elementor-section-height-default elementor-section-height-default\" data-id=\"517e2d7\" data-element_type=\"section\">\n\t\t\t\t\t\t<div class=\"elementor-container elementor-column-gap-default\">\n\t\t\t\t\t<div class=\"elementor-column elementor-col-100 elementor-top-column elementor-element elementor-element-7c32c6a\" data-id=\"7c32c6a\" data-element_type=\"column\" data-settings=\"{&quot;background_background&quot;:&quot;slideshow&quot;,&quot;background_slideshow_gallery&quot;:[],&quot;background_slideshow_loop&quot;:&quot;yes&quot;,&quot;background_slideshow_slide_duration&quot;:5000,&quot;background_slideshow_slide_transition&quot;:&quot;fade&quot;,&quot;background_slideshow_transition_duration&quot;:500}\">\n\t\t\t<div class=\"elementor-widget-wrap elementor-element-populated\">\n\t\t\t\t\t\t\t\t<div class=\"elementor-element elementor-element-c42bc9d elementor-widget elementor-widget-image\" data-id=\"c42bc9d\" data-element_type=\"widget\" data-widget_type=\"image.default\">\n\t\t\t\t<div class=\"elementor-widget-container\">\n\t\t\t\t\t\t\t\t\t\t\t\t\t\t\t<img decoding=\"async\" loading=\"lazy\" width=\"1200\" height=\"239\" src=\"https:\/\/avlink.live\/wp-content\/uploads\/2020\/11\/Panorama_antarctique.jpg\" class=\"attachment-full size-full wp-image-341\" alt=\"antarctique\" srcset=\"https:\/\/avlink.live\/wp-content\/uploads\/2020\/11\/Panorama_antarctique.jpg 1200w, https:\/\/avlink.live\/wp-content\/uploads\/2020\/11\/Panorama_antarctique-300x60.jpg 300w, https:\/\/avlink.live\/wp-content\/uploads\/2020\/11\/Panorama_antarctique-1024x204.jpg 1024w, https:\/\/avlink.live\/wp-content\/uploads\/2020\/11\/Panorama_antarctique-768x153.jpg 768w\" sizes=\"(max-width: 1200px) 100vw, 1200px\" \/>\t\t\t\t\t\t\t\t\t\t\t\t\t\t\t<\/div>\n\t\t\t\t<\/div>\n\t\t\t\t\t<\/div>\n\t\t<\/div>\n\t\t\t\t\t\t\t<\/div>\n\t\t<\/section>\n\t\t\t\t<section class=\"elementor-section elementor-top-section elementor-element elementor-element-bc9e9f1 elementor-section-content-middle elementor-section-boxed elementor-section-height-default elementor-section-height-default\" data-id=\"bc9e9f1\" data-element_type=\"section\" data-settings=\"{&quot;background_background&quot;:&quot;classic&quot;}\">\n\t\t\t\t\t\t\t<div class=\"elementor-background-overlay\"><\/div>\n\t\t\t\t\t\t\t<div class=\"elementor-container elementor-column-gap-no\">\n\t\t\t\t\t<div class=\"elementor-column elementor-col-100 elementor-top-column elementor-element elementor-element-900f24a\" data-id=\"900f24a\" data-element_type=\"column\">\n\t\t\t<div class=\"elementor-widget-wrap elementor-element-populated\">\n\t\t\t\t\t\t\t\t<div class=\"elementor-element elementor-element-dfb92be elementor-widget elementor-widget-heading\" data-id=\"dfb92be\" data-element_type=\"widget\" data-widget_type=\"heading.default\">\n\t\t\t\t<div class=\"elementor-widget-container\">\n\t\t\t<h2 class=\"elementor-heading-title elementor-size-default\">l'environnement<\/h2>\t\t<\/div>\n\t\t\t\t<\/div>\n\t\t\t\t<div class=\"elementor-element elementor-element-c5e88d1 elementor-widget-divider--view-line elementor-widget elementor-widget-divider\" data-id=\"c5e88d1\" data-element_type=\"widget\" data-widget_type=\"divider.default\">\n\t\t\t\t<div class=\"elementor-widget-container\">\n\t\t\t\t\t<div class=\"elementor-divider\">\n\t\t\t<span class=\"elementor-divider-separator\">\n\t\t\t\t\t\t<\/span>\n\t\t<\/div>\n\t\t\t\t<\/div>\n\t\t\t\t<\/div>\n\t\t\t\t<div class=\"elementor-element elementor-element-97b9231 elementor-view-default elementor-widget elementor-widget-icon\" data-id=\"97b9231\" data-element_type=\"widget\" data-widget_type=\"icon.default\">\n\t\t\t\t<div class=\"elementor-widget-container\">\n\t\t\t\t\t<div class=\"elementor-icon-wrapper\">\n\t\t\t<div class=\"elementor-icon\">\n\t\t\t<i aria-hidden=\"true\" class=\"fas fa-quote-left\"><\/i>\t\t\t<\/div>\n\t\t<\/div>\n\t\t\t\t<\/div>\n\t\t\t\t<\/div>\n\t\t\t\t<div class=\"elementor-element elementor-element-0f534eb elementor-widget elementor-widget-text-editor\" data-id=\"0f534eb\" data-element_type=\"widget\" data-widget_type=\"text-editor.default\">\n\t\t\t\t<div class=\"elementor-widget-container\">\n\t\t\t\t\t\t\t<p>\u00ab\u00a0Actuellement, l&rsquo;homme m\u00e8ne une guerre contre la nature, s&rsquo;il gagne il est perdu.\u00a0\u00bb<\/p>\t\t\t\t\t\t<\/div>\n\t\t\t\t<\/div>\n\t\t\t\t<div class=\"elementor-element elementor-element-debe3c8 elementor-widget elementor-widget-heading\" data-id=\"debe3c8\" data-element_type=\"widget\" data-widget_type=\"heading.default\">\n\t\t\t\t<div class=\"elementor-widget-container\">\n\t\t\t<h3 class=\"elementor-heading-title elementor-size-medium\">Hubert REEVES<\/h3>\t\t<\/div>\n\t\t\t\t<\/div>\n\t\t\t\t<div class=\"elementor-element elementor-element-e2f5f46 elementor-widget elementor-widget-heading\" data-id=\"e2f5f46\" data-element_type=\"widget\" data-widget_type=\"heading.default\">\n\t\t\t\t<div class=\"elementor-widget-container\">\n\t\t\t<h5 class=\"elementor-heading-title elementor-size-default\">astrophysicien<\/h5>\t\t<\/div>\n\t\t\t\t<\/div>\n\t\t\t\t\t<\/div>\n\t\t<\/div>\n\t\t\t\t\t\t\t<\/div>\n\t\t<\/section>\n\t\t\t\t<section class=\"elementor-section elementor-top-section elementor-element elementor-element-37789f8 elementor-section-content-middle elementor-section-boxed elementor-section-height-default elementor-section-height-default\" data-id=\"37789f8\" data-element_type=\"section\">\n\t\t\t\t\t\t<div class=\"elementor-container elementor-column-gap-default\">\n\t\t\t\t\t<div class=\"elementor-column elementor-col-33 elementor-top-column elementor-element elementor-element-2abd9fa\" data-id=\"2abd9fa\" data-element_type=\"column\">\n\t\t\t<div class=\"elementor-widget-wrap elementor-element-populated\">\n\t\t\t\t\t\t\t\t<div class=\"elementor-element elementor-element-ab6860a elementor-widget elementor-widget-heading\" data-id=\"ab6860a\" data-element_type=\"widget\" data-widget_type=\"heading.default\">\n\t\t\t\t<div class=\"elementor-widget-container\">\n\t\t\t<h5 class=\"elementor-heading-title elementor-size-default\">M\u00e9c\u00e9nat, b\u00e9n\u00e9volat &amp; dons<\/h5>\t\t<\/div>\n\t\t\t\t<\/div>\n\t\t\t\t<div class=\"elementor-element elementor-element-43f239a elementor-widget elementor-widget-heading\" data-id=\"43f239a\" data-element_type=\"widget\" data-widget_type=\"heading.default\">\n\t\t\t\t<div class=\"elementor-widget-container\">\n\t\t\t<h2 class=\"elementor-heading-title elementor-size-default\">Nous soutenons...<\/h2>\t\t<\/div>\n\t\t\t\t<\/div>\n\t\t\t\t<div class=\"elementor-element elementor-element-aeaad13 elementor-widget elementor-widget-text-editor\" data-id=\"aeaad13\" data-element_type=\"widget\" data-widget_type=\"text-editor.default\">\n\t\t\t\t<div class=\"elementor-widget-container\">\n\t\t\t\t\t\t\t<p>plusieurs associations pour leur d\u00e9marche et leurs actions. Faites-le \u00e9galement&#8230;<\/p>\t\t\t\t\t\t<\/div>\n\t\t\t\t<\/div>\n\t\t\t\t\t<\/div>\n\t\t<\/div>\n\t\t\t\t<div class=\"elementor-column elementor-col-66 elementor-top-column elementor-element elementor-element-bd08e34\" data-id=\"bd08e34\" data-element_type=\"column\">\n\t\t\t<div class=\"elementor-widget-wrap elementor-element-populated\">\n\t\t\t\t\t\t\t\t<div class=\"elementor-element elementor-element-f4e44f6 elementor-arrows-position-outside elementor-widget elementor-widget-image-carousel\" data-id=\"f4e44f6\" data-element_type=\"widget\" data-settings=\"{&quot;slides_to_show&quot;:&quot;2&quot;,&quot;slides_to_show_tablet&quot;:&quot;3&quot;,&quot;slides_to_scroll&quot;:&quot;1&quot;,&quot;navigation&quot;:&quot;arrows&quot;,&quot;autoplay&quot;:&quot;yes&quot;,&quot;pause_on_hover&quot;:&quot;yes&quot;,&quot;pause_on_interaction&quot;:&quot;yes&quot;,&quot;autoplay_speed&quot;:5000,&quot;infinite&quot;:&quot;yes&quot;,&quot;speed&quot;:500,&quot;image_spacing_custom&quot;:{&quot;unit&quot;:&quot;px&quot;,&quot;size&quot;:20,&quot;sizes&quot;:[]},&quot;image_spacing_custom_tablet&quot;:{&quot;unit&quot;:&quot;px&quot;,&quot;size&quot;:&quot;&quot;,&quot;sizes&quot;:[]},&quot;image_spacing_custom_mobile&quot;:{&quot;unit&quot;:&quot;px&quot;,&quot;size&quot;:&quot;&quot;,&quot;sizes&quot;:[]}}\" data-widget_type=\"image-carousel.default\">\n\t\t\t\t<div class=\"elementor-widget-container\">\n\t\t\t\t\t<div class=\"elementor-image-carousel-wrapper swiper-container\" dir=\"ltr\">\n\t\t\t<div class=\"elementor-image-carousel swiper-wrapper\" aria-live=\"off\">\n\t\t\t\t\t\t\t\t<div class=\"swiper-slide\" role=\"group\" aria-roledescription=\"slide\" aria-label=\"1 sur 4\"><a data-elementor-open-lightbox=\"yes\" data-elementor-lightbox-slideshow=\"f4e44f6\" data-elementor-lightbox-title=\"Little_Citizens_For_Climate\" data-elementor-lightbox-description=\"https:\/\/www.littlecitizensforclimate.org\/\" data-e-action-hash=\"#elementor-action%3Aaction%3Dlightbox%26settings%3DeyJpZCI6MzEyLCJ1cmwiOiJodHRwczpcL1wvYXZsaW5rLmxpdmVcL3dwLWNvbnRlbnRcL3VwbG9hZHNcLzIwMjBcLzExXC9MaXR0bGVfQ2l0aXplbnNfRm9yX0NsaW1hdGUuanBnIiwic2xpZGVzaG93IjoiZjRlNDRmNiJ9\" href=\"https:\/\/avlink.live\/wp-content\/uploads\/2020\/11\/Little_Citizens_For_Climate.jpg\"><figure class=\"swiper-slide-inner\"><img decoding=\"async\" class=\"swiper-slide-image\" src=\"https:\/\/avlink.live\/wp-content\/uploads\/2020\/11\/Little_Citizens_For_Climate.jpg\" alt=\"Association Little Citizens For Climate\" \/><figcaption class=\"elementor-image-carousel-caption\">https:\/\/www.littlecitizensforclimate.org\/<\/figcaption><\/figure><\/a><\/div><div class=\"swiper-slide\" role=\"group\" aria-roledescription=\"slide\" aria-label=\"2 sur 4\"><a data-elementor-open-lightbox=\"yes\" data-elementor-lightbox-slideshow=\"f4e44f6\" data-elementor-lightbox-title=\"Positive Dreams Production\" data-elementor-lightbox-description=\"https:\/\/www.positivedreams.fr\/\" data-e-action-hash=\"#elementor-action%3Aaction%3Dlightbox%26settings%3DeyJpZCI6NTkwLCJ1cmwiOiJodHRwczpcL1wvYXZsaW5rLmxpdmVcL3dwLWNvbnRlbnRcL3VwbG9hZHNcLzIwMjBcLzExXC9Qb3NpdGl2ZV9EcmVhbXNfbG9nby5qcGciLCJzbGlkZXNob3ciOiJmNGU0NGY2In0%3D\" href=\"https:\/\/avlink.live\/wp-content\/uploads\/2020\/11\/Positive_Dreams_logo.jpg\"><figure class=\"swiper-slide-inner\"><img decoding=\"async\" class=\"swiper-slide-image\" src=\"https:\/\/avlink.live\/wp-content\/uploads\/2020\/11\/Positive_Dreams_logo.jpg\" alt=\"Association Positive Dreams\" \/><figcaption class=\"elementor-image-carousel-caption\">https:\/\/www.positivedreams.fr\/<\/figcaption><\/figure><\/a><\/div><div class=\"swiper-slide\" role=\"group\" aria-roledescription=\"slide\" aria-label=\"3 sur 4\"><a data-elementor-open-lightbox=\"yes\" data-elementor-lightbox-slideshow=\"f4e44f6\" data-elementor-lightbox-title=\"La_Haie_Donneurs\" data-elementor-lightbox-description=\"https:\/\/www.la-haie-donneurs.org\/\" data-e-action-hash=\"#elementor-action%3Aaction%3Dlightbox%26settings%3DeyJpZCI6MzExLCJ1cmwiOiJodHRwczpcL1wvYXZsaW5rLmxpdmVcL3dwLWNvbnRlbnRcL3VwbG9hZHNcLzIwMjBcLzExXC9MYV9IYWllX0Rvbm5ldXJzLmpwZyIsInNsaWRlc2hvdyI6ImY0ZTQ0ZjYifQ%3D%3D\" href=\"https:\/\/avlink.live\/wp-content\/uploads\/2020\/11\/La_Haie_Donneurs.jpg\"><figure class=\"swiper-slide-inner\"><img decoding=\"async\" class=\"swiper-slide-image\" src=\"https:\/\/avlink.live\/wp-content\/uploads\/2020\/11\/La_Haie_Donneurs.jpg\" alt=\"Association La Haie Donneurs\" \/><figcaption class=\"elementor-image-carousel-caption\">https:\/\/www.la-haie-donneurs.org\/<\/figcaption><\/figure><\/a><\/div><div class=\"swiper-slide\" role=\"group\" aria-roledescription=\"slide\" aria-label=\"4 sur 4\"><a data-elementor-open-lightbox=\"yes\" data-elementor-lightbox-slideshow=\"f4e44f6\" data-elementor-lightbox-title=\"Emmaus_Bougival\" data-elementor-lightbox-description=\"https:\/\/www.emmaus-bougival.com\/\" data-e-action-hash=\"#elementor-action%3Aaction%3Dlightbox%26settings%3DeyJpZCI6MzEwLCJ1cmwiOiJodHRwczpcL1wvYXZsaW5rLmxpdmVcL3dwLWNvbnRlbnRcL3VwbG9hZHNcLzIwMjBcLzExXC9FbW1hdXNfQm91Z2l2YWwuanBnIiwic2xpZGVzaG93IjoiZjRlNDRmNiJ9\" href=\"https:\/\/avlink.live\/wp-content\/uploads\/2020\/11\/Emmaus_Bougival.jpg\"><figure class=\"swiper-slide-inner\"><img decoding=\"async\" class=\"swiper-slide-image\" src=\"https:\/\/avlink.live\/wp-content\/uploads\/2020\/11\/Emmaus_Bougival.jpg\" alt=\"Association Emmaus Bougival\" \/><figcaption class=\"elementor-image-carousel-caption\">https:\/\/www.emmaus-bougival.com\/<\/figcaption><\/figure><\/a><\/div>\t\t\t<\/div>\n\t\t\t\t\t\t\t\t\t\t\t\t<div class=\"elementor-swiper-button elementor-swiper-button-prev\" role=\"button\" tabindex=\"0\">\n\t\t\t\t\t\t<i aria-hidden=\"true\" class=\"eicon-chevron-left\"><\/i>\t\t\t\t\t<\/div>\n\t\t\t\t\t<div class=\"elementor-swiper-button elementor-swiper-button-next\" role=\"button\" tabindex=\"0\">\n\t\t\t\t\t\t<i aria-hidden=\"true\" class=\"eicon-chevron-right\"><\/i>\t\t\t\t\t<\/div>\n\t\t\t\t\n\t\t\t\t\t\t\t\t\t<\/div>\n\t\t\t\t<\/div>\n\t\t\t\t<\/div>\n\t\t\t\t\t<\/div>\n\t\t<\/div>\n\t\t\t\t\t\t\t<\/div>\n\t\t<\/section>\n\t\t\t\t<section class=\"elementor-section elementor-top-section elementor-element elementor-element-e7ff230 elementor-section-boxed elementor-section-height-default elementor-section-height-default\" data-id=\"e7ff230\" data-element_type=\"section\">\n\t\t\t\t\t\t<div class=\"elementor-container elementor-column-gap-default\">\n\t\t\t\t\t<div class=\"elementor-column elementor-col-100 elementor-top-column elementor-element elementor-element-8a65717\" data-id=\"8a65717\" data-element_type=\"column\">\n\t\t\t<div class=\"elementor-widget-wrap elementor-element-populated\">\n\t\t\t\t\t\t\t\t<div class=\"elementor-element elementor-element-13d5e0f elementor-widget elementor-widget-image\" data-id=\"13d5e0f\" data-element_type=\"widget\" data-widget_type=\"image.default\">\n\t\t\t\t<div class=\"elementor-widget-container\">\n\t\t\t\t\t\t\t\t\t\t\t\t\t\t\t<img decoding=\"async\" loading=\"lazy\" width=\"1200\" height=\"380\" src=\"https:\/\/avlink.live\/wp-content\/uploads\/2020\/11\/Environnement.jpg\" class=\"attachment-full size-full wp-image-303\" alt=\"\" srcset=\"https:\/\/avlink.live\/wp-content\/uploads\/2020\/11\/Environnement.jpg 1200w, https:\/\/avlink.live\/wp-content\/uploads\/2020\/11\/Environnement-300x95.jpg 300w, https:\/\/avlink.live\/wp-content\/uploads\/2020\/11\/Environnement-1024x324.jpg 1024w, https:\/\/avlink.live\/wp-content\/uploads\/2020\/11\/Environnement-768x243.jpg 768w\" sizes=\"(max-width: 1200px) 100vw, 1200px\" \/>\t\t\t\t\t\t\t\t\t\t\t\t\t\t\t<\/div>\n\t\t\t\t<\/div>\n\t\t\t\t\t<\/div>\n\t\t<\/div>\n\t\t\t\t\t\t\t<\/div>\n\t\t<\/section>\n\t\t\t\t\t\t\t<\/div>\n\t\t","protected":false},"excerpt":{"rendered":"<p>l&rsquo;environnement \u00ab\u00a0Actuellement, l&rsquo;homme m\u00e8ne une guerre contre la nature, s&rsquo;il gagne il est perdu.\u00a0\u00bb Hubert REEVES astrophysicien M\u00e9c\u00e9nat, b\u00e9n\u00e9volat &amp; dons Nous soutenons&#8230; plusieurs associations pour leur d\u00e9marche et leurs actions. Faites-le \u00e9galement&#8230; https:\/\/www.littlecitizensforclimate.org\/ https:\/\/www.positivedreams.fr\/ https:\/\/www.la-haie-donneurs.org\/ https:\/\/www.emmaus-bougival.com\/ Pr\u00e9c\u00e9dent Suivant<\/p>\n","protected":false},"author":2,"featured_media":0,"parent":0,"menu_order":0,"comment_status":"closed","ping_status":"closed","template":"","meta":{"site-sidebar-layout":"no-sidebar","site-content-layout":"page-builder","ast-site-content-layout":"default","site-content-style":"default","site-sidebar-style":"default","ast-global-header-display":"","ast-banner-title-visibility":"","ast-main-header-display":"","ast-hfb-above-header-display":"","ast-hfb-below-header-display":"","ast-hfb-mobile-header-display":"","site-post-title":"disabled","ast-breadcrumbs-content":"","ast-featured-img":"disabled","footer-sml-layout":"","ast-disable-related-posts":"","theme-transparent-header-meta":"default","adv-header-id-meta":"","stick-header-meta":"","header-above-stick-meta":"","header-main-stick-meta":"","header-below-stick-meta":"","astra-migrate-meta-layouts":"default","ast-page-background-enabled":"default","ast-page-background-meta":{"desktop":{"background-color":"","background-image":"","background-repeat":"repeat","background-position":"center center","background-size":"auto","background-attachment":"scroll","background-type":"","background-media":"","overlay-type":"","overlay-color":"","overlay-opacity":"","overlay-gradient":""},"tablet":{"background-color":"","background-image":"","background-repeat":"repeat","background-position":"center center","background-size":"auto","background-attachment":"scroll","background-type":"","background-media":"","overlay-type":"","overlay-color":"","overlay-opacity":"","overlay-gradient":""},"mobile":{"background-color":"","background-image":"","background-repeat":"repeat","background-position":"center center","background-size":"auto","background-attachment":"scroll","background-type":"","background-media":"","overlay-type":"","overlay-color":"","overlay-opacity":"","overlay-gradient":""}},"ast-content-background-meta":{"desktop":{"background-color":"var(--ast-global-color-5)","background-image":"","background-repeat":"repeat","background-position":"center center","background-size":"auto","background-attachment":"scroll","background-type":"","background-media":"","overlay-type":"","overlay-color":"","overlay-opacity":"","overlay-gradient":""},"tablet":{"background-color":"var(--ast-global-color-5)","background-image":"","background-repeat":"repeat","background-position":"center center","background-size":"auto","background-attachment":"scroll","background-type":"","background-media":"","overlay-type":"","overlay-color":"","overlay-opacity":"","overlay-gradient":""},"mobile":{"background-color":"var(--ast-global-color-5)","background-image":"","background-repeat":"repeat","background-position":"center center","background-size":"auto","background-attachment":"scroll","background-type":"","background-media":"","overlay-type":"","overlay-color":"","overlay-opacity":"","overlay-gradient":""}},"footnotes":""},"yoast_head":"<!-- This site is optimized with the Yoast SEO plugin v21.1 - https:\/\/yoast.com\/wordpress\/plugins\/seo\/ -->\n<title>environnement - AUDIO VISUAL LINK<\/title>\n<meta name=\"robots\" content=\"index, follow, max-snippet:-1, max-image-preview:large, max-video-preview:-1\" \/>\n<link rel=\"canonical\" href=\"https:\/\/avlink.live\/?page_id=16\" \/>\n<meta property=\"og:locale\" content=\"fr_FR\" \/>\n<meta property=\"og:type\" content=\"article\" \/>\n<meta property=\"og:title\" content=\"environnement - AUDIO VISUAL LINK\" \/>\n<meta property=\"og:description\" content=\"l&rsquo;environnement \u00ab\u00a0Actuellement, l&rsquo;homme m\u00e8ne une guerre contre la nature, s&rsquo;il gagne il est perdu.\u00a0\u00bb Hubert REEVES astrophysicien M\u00e9c\u00e9nat, b\u00e9n\u00e9volat &amp; dons Nous soutenons&#8230; plusieurs associations pour leur d\u00e9marche et leurs actions. Faites-le \u00e9galement&#8230; https:\/\/www.littlecitizensforclimate.org\/ https:\/\/www.positivedreams.fr\/ https:\/\/www.la-haie-donneurs.org\/ https:\/\/www.emmaus-bougival.com\/ Pr\u00e9c\u00e9dent Suivant\" \/>\n<meta property=\"og:url\" content=\"https:\/\/avlink.live\/?page_id=16\" \/>\n<meta property=\"og:site_name\" content=\"AUDIO VISUAL LINK\" \/>\n<meta property=\"article:modified_time\" content=\"2023-05-16T18:18:11+00:00\" \/>\n<meta property=\"og:image\" content=\"https:\/\/avlink.live\/wp-content\/uploads\/2020\/11\/Panorama_antarctique.jpg\" \/>\n<meta name=\"twitter:card\" content=\"summary_large_image\" \/>\n<meta name=\"twitter:label1\" content=\"Dur\u00e9e de lecture estim\u00e9e\" \/>\n\t<meta name=\"twitter:data1\" content=\"3 minutes\" \/>\n<script type=\"application\/ld+json\" class=\"yoast-schema-graph\">{\"@context\":\"https:\/\/schema.org\",\"@graph\":[{\"@type\":\"WebPage\",\"@id\":\"https:\/\/avlink.live\/?page_id=16\",\"url\":\"https:\/\/avlink.live\/?page_id=16\",\"name\":\"environnement - AUDIO VISUAL LINK\",\"isPartOf\":{\"@id\":\"https:\/\/avlink.live\/#website\"},\"datePublished\":\"2020-11-26T01:24:37+00:00\",\"dateModified\":\"2023-05-16T18:18:11+00:00\",\"breadcrumb\":{\"@id\":\"https:\/\/avlink.live\/?page_id=16#breadcrumb\"},\"inLanguage\":\"fr-FR\",\"potentialAction\":[{\"@type\":\"ReadAction\",\"target\":[\"https:\/\/avlink.live\/?page_id=16\"]}]},{\"@type\":\"BreadcrumbList\",\"@id\":\"https:\/\/avlink.live\/?page_id=16#breadcrumb\",\"itemListElement\":[{\"@type\":\"ListItem\",\"position\":1,\"name\":\"Accueil\",\"item\":\"https:\/\/avlink.live\/\"},{\"@type\":\"ListItem\",\"position\":2,\"name\":\"environnement\"}]},{\"@type\":\"WebSite\",\"@id\":\"https:\/\/avlink.live\/#website\",\"url\":\"https:\/\/avlink.live\/\",\"name\":\"AUDIO VISUAL LINK\",\"description\":\"SOLUTIONS AUDIOVISUELLES\",\"publisher\":{\"@id\":\"https:\/\/avlink.live\/#organization\"},\"potentialAction\":[{\"@type\":\"SearchAction\",\"target\":{\"@type\":\"EntryPoint\",\"urlTemplate\":\"https:\/\/avlink.live\/?s={search_term_string}\"},\"query-input\":\"required name=search_term_string\"}],\"inLanguage\":\"fr-FR\"},{\"@type\":\"Organization\",\"@id\":\"https:\/\/avlink.live\/#organization\",\"name\":\"AUDIO VISUAL LINK\",\"url\":\"https:\/\/avlink.live\/\",\"logo\":{\"@type\":\"ImageObject\",\"inLanguage\":\"fr-FR\",\"@id\":\"https:\/\/avlink.live\/#\/schema\/logo\/image\/\",\"url\":\"https:\/\/avlink.live\/wp-content\/uploads\/2022\/01\/AVLINK_small.png\",\"contentUrl\":\"https:\/\/avlink.live\/wp-content\/uploads\/2022\/01\/AVLINK_small.png\",\"width\":180,\"height\":60,\"caption\":\"AUDIO VISUAL LINK\"},\"image\":{\"@id\":\"https:\/\/avlink.live\/#\/schema\/logo\/image\/\"}}]}<\/script>\n<!-- \/ Yoast SEO plugin. -->","yoast_head_json":{"title":"environnement - AUDIO VISUAL LINK","robots":{"index":"index","follow":"follow","max-snippet":"max-snippet:-1","max-image-preview":"max-image-preview:large","max-video-preview":"max-video-preview:-1"},"canonical":"https:\/\/avlink.live\/?page_id=16","og_locale":"fr_FR","og_type":"article","og_title":"environnement - AUDIO VISUAL LINK","og_description":"l&rsquo;environnement \u00ab\u00a0Actuellement, l&rsquo;homme m\u00e8ne une guerre contre la nature, s&rsquo;il gagne il est perdu.\u00a0\u00bb Hubert REEVES astrophysicien M\u00e9c\u00e9nat, b\u00e9n\u00e9volat &amp; dons Nous soutenons&#8230; plusieurs associations pour leur d\u00e9marche et leurs actions. Faites-le \u00e9galement&#8230; https:\/\/www.littlecitizensforclimate.org\/ https:\/\/www.positivedreams.fr\/ https:\/\/www.la-haie-donneurs.org\/ https:\/\/www.emmaus-bougival.com\/ Pr\u00e9c\u00e9dent Suivant","og_url":"https:\/\/avlink.live\/?page_id=16","og_site_name":"AUDIO VISUAL LINK","article_modified_time":"2023-05-16T18:18:11+00:00","og_image":[{"url":"https:\/\/avlink.live\/wp-content\/uploads\/2020\/11\/Panorama_antarctique.jpg"}],"twitter_card":"summary_large_image","twitter_misc":{"Dur\u00e9e de lecture estim\u00e9e":"3 minutes"},"schema":{"@context":"https:\/\/schema.org","@graph":[{"@type":"WebPage","@id":"https:\/\/avlink.live\/?page_id=16","url":"https:\/\/avlink.live\/?page_id=16","name":"environnement - AUDIO VISUAL LINK","isPartOf":{"@id":"https:\/\/avlink.live\/#website"},"datePublished":"2020-11-26T01:24:37+00:00","dateModified":"2023-05-16T18:18:11+00:00","breadcrumb":{"@id":"https:\/\/avlink.live\/?page_id=16#breadcrumb"},"inLanguage":"fr-FR","potentialAction":[{"@type":"ReadAction","target":["https:\/\/avlink.live\/?page_id=16"]}]},{"@type":"BreadcrumbList","@id":"https:\/\/avlink.live\/?page_id=16#breadcrumb","itemListElement":[{"@type":"ListItem","position":1,"name":"Accueil","item":"https:\/\/avlink.live\/"},{"@type":"ListItem","position":2,"name":"environnement"}]},{"@type":"WebSite","@id":"https:\/\/avlink.live\/#website","url":"https:\/\/avlink.live\/","name":"AUDIO VISUAL LINK","description":"SOLUTIONS AUDIOVISUELLES","publisher":{"@id":"https:\/\/avlink.live\/#organization"},"potentialAction":[{"@type":"SearchAction","target":{"@type":"EntryPoint","urlTemplate":"https:\/\/avlink.live\/?s={search_term_string}"},"query-input":"required name=search_term_string"}],"inLanguage":"fr-FR"},{"@type":"Organization","@id":"https:\/\/avlink.live\/#organization","name":"AUDIO VISUAL LINK","url":"https:\/\/avlink.live\/","logo":{"@type":"ImageObject","inLanguage":"fr-FR","@id":"https:\/\/avlink.live\/#\/schema\/logo\/image\/","url":"https:\/\/avlink.live\/wp-content\/uploads\/2022\/01\/AVLINK_small.png","contentUrl":"https:\/\/avlink.live\/wp-content\/uploads\/2022\/01\/AVLINK_small.png","width":180,"height":60,"caption":"AUDIO VISUAL LINK"},"image":{"@id":"https:\/\/avlink.live\/#\/schema\/logo\/image\/"}}]}},"_links":{"self":[{"href":"https:\/\/avlink.live\/index.php?rest_route=\/wp\/v2\/pages\/16"}],"collection":[{"href":"https:\/\/avlink.live\/index.php?rest_route=\/wp\/v2\/pages"}],"about":[{"href":"https:\/\/avlink.live\/index.php?rest_route=\/wp\/v2\/types\/page"}],"author":[{"embeddable":true,"href":"https:\/\/avlink.live\/index.php?rest_route=\/wp\/v2\/users\/2"}],"replies":[{"embeddable":true,"href":"https:\/\/avlink.live\/index.php?rest_route=%2Fwp%2Fv2%2Fcomments&post=16"}],"version-history":[{"count":38,"href":"https:\/\/avlink.live\/index.php?rest_route=\/wp\/v2\/pages\/16\/revisions"}],"predecessor-version":[{"id":1176,"href":"https:\/\/avlink.live\/index.php?rest_route=\/wp\/v2\/pages\/16\/revisions\/1176"}],"wp:attachment":[{"href":"https:\/\/avlink.live\/index.php?rest_route=%2Fwp%2Fv2%2Fmedia&parent=16"}],"curies":[{"name":"wp","href":"https:\/\/api.w.org\/{rel}","templated":true}]}}